{"id":2256,"date":"2024-10-31T08:37:53","date_gmt":"2024-10-31T07:37:53","guid":{"rendered":"https:\/\/panaceum-rumia.pl\/?page_id=2256"},"modified":"2025-09-24T11:55:07","modified_gmt":"2025-09-24T09:55:07","slug":"ankieta","status":"publish","type":"page","link":"https:\/\/panaceum-rumia.pl\/uk\/ankieta\/","title":{"rendered":"Ankieta POZ"},"content":{"rendered":"<div class=\"elementor-element elementor-element-b1b065f elementor-widget elementor-widget-heading\" data-id=\"b1b065f\" data-element_type=\"widget\" data-widget_type=\"heading.default\">\n<div class=\"elementor-widget-container\">\n<h2 class=\"elementor-heading-title elementor-size-default\">Szanowni Pa\u0144stwo!<\/h2>\n<\/div>\n<\/div>\n<div class=\"elementor-element elementor-element-a68ec8b elementor-widget elementor-widget-text-editor\" data-id=\"a68ec8b\" data-element_type=\"widget\" data-widget_type=\"text-editor.default\">\n<div class=\"elementor-widget-container\">\n<p>Pa\u0144stwa opinia jest nam potrzebna w poprawie jako\u015bci us\u0142ug medycznych oraz \u015bwiadczenia naszych us\u0142ug zgodnie z Pa\u0144stwa oczekiwaniami. Przekazuj\u0105c Pa\u0144stwu niniejsz\u0105 ankiet\u0119 dotycz\u0105c\u0105 <strong>Poradni POZ<\/strong>. Prosimy o udzielenie odpowiedzi na pytania w niej zawarte bior\u0105c pod uwag\u0119 korzystanie z naszych us\u0142ug w okresie ostatnich 12 miesi\u0119cy. Dane te nie b\u0119d\u0105 ujawniane nikomu poza osob\u0105 odpowiedzialna za weryfikacj\u0119 ankiety. Ankieta jest anonimowa i dobrowolna, a jej wype\u0142nienie zajmie oko\u0142o 5 minut.<\/p>\n<p><a href=\"https:\/\/www.cmj.org.pl\/apoz\/panaceum\" target=\"_blank\" rel=\"noopener\">Ankieta satysfakcji pacjenta w POZ &#8211; strona<\/a><\/p>\n<p><a href=\"https:\/\/www.cmj.org.pl\/plakat\/apoz\/1\/9rj4oBEl\" target=\"_blank\" rel=\"noopener\">Ankieta satysfakcji pacjenta w POZ &#8211; kod QR<\/a><\/p>\n<p style=\"text-align: right;\">Dzi\u0119kujemy za wype\u0142nienie<\/p>\n<\/div>\n<\/div>","protected":false},"excerpt":{"rendered":"<p>Szanowni Pa\u0144stwo! Pa\u0144stwa opinia jest nam potrzebna w poprawie jako\u015bci us\u0142ug medycznych oraz \u015bwiadczenia naszych us\u0142ug zgodnie z Pa\u0144stwa oczekiwaniami. Przekazuj\u0105c Pa\u0144stwu niniejsz\u0105 ankiet\u0119 dotycz\u0105c\u0105 Poradni POZ. Prosimy o udzielenie odpowiedzi na pytania w niej zawarte bior\u0105c pod uwag\u0119 korzystanie z naszych us\u0142ug w okresie ostatnich 12 miesi\u0119cy. Dane te nie b\u0119d\u0105 ujawniane nikomu poza [&hellip;]<\/p>","protected":false},"author":5,"featured_media":0,"parent":0,"menu_order":0,"comment_status":"closed","ping_status":"closed","template":"","meta":{"footnotes":""},"class_list":["post-2256","page","type-page","status-publish","hentry","entry"],"aioseo_notices":[],"_links":{"self":[{"href":"https:\/\/panaceum-rumia.pl\/uk\/wp-json\/wp\/v2\/pages\/2256","targetHints":{"allow":["GET"]}}],"collection":[{"href":"https:\/\/panaceum-rumia.pl\/uk\/wp-json\/wp\/v2\/pages"}],"about":[{"href":"https:\/\/panaceum-rumia.pl\/uk\/wp-json\/wp\/v2\/types\/page"}],"author":[{"embeddable":true,"href":"https:\/\/panaceum-rumia.pl\/uk\/wp-json\/wp\/v2\/users\/5"}],"replies":[{"embeddable":true,"href":"https:\/\/panaceum-rumia.pl\/uk\/wp-json\/wp\/v2\/comments?post=2256"}],"version-history":[{"count":10,"href":"https:\/\/panaceum-rumia.pl\/uk\/wp-json\/wp\/v2\/pages\/2256\/revisions"}],"predecessor-version":[{"id":2389,"href":"https:\/\/panaceum-rumia.pl\/uk\/wp-json\/wp\/v2\/pages\/2256\/revisions\/2389"}],"wp:attachment":[{"href":"https:\/\/panaceum-rumia.pl\/uk\/wp-json\/wp\/v2\/media?parent=2256"}],"curies":[{"name":"wp","href":"https:\/\/api.w.org\/{rel}","templated":true}]}}