{"id":2135,"date":"2024-09-27T12:30:47","date_gmt":"2024-09-27T10:30:47","guid":{"rendered":"https:\/\/panaceum-rumia.pl\/?page_id=2135"},"modified":"2024-09-30T11:05:55","modified_gmt":"2024-09-30T09:05:55","slug":"pomoc","status":"publish","type":"page","link":"https:\/\/panaceum-rumia.pl\/uk\/pomoc\/","title":{"rendered":"Pomoc"},"content":{"rendered":"<p><span style=\"color: #000000;\"><strong>Nocna i \u015awi\u0105teczna Opieka Zdrowotna:<\/strong><\/span><\/p>\n<ul>\n<li>Rumia, ul. Derdowskiego 24,\u00a0 \u00a0<strong>tel. 58 72 72 950<\/strong><\/li>\n<li>Wejherowo &#8211; Szpital, ul. Jagalskiego 10\u00a0(budynek znajduj\u0105cy si\u0119 vis a vis wej\u015bcia do g\u0142\u00f3wnego budynku szpitala), <strong>tel. 58 57 78 44<\/strong><\/li>\n<li>Gdynia Chylonia, ul. Wejherowska 59,\u00a0 tel.<b> 58 726 09 39<\/b><\/li>\n<\/ul>\n<hr style=\"border: none; height: 3px; background-color: green;\" \/>\n<p><span style=\"color: #000000;\"><strong>Lista jednostek nieodp\u0142atnego poradnictwa w Powiecie Wejherowskim:<\/strong><\/span><\/p>\n<ul>\n<li><a href=\"https:\/\/panaceum-rumia.pl\/wp-content\/uploads\/2024\/09\/Poradnictwo_powiat_wejh.pdf\" target=\"_blank\" rel=\"noopener\">Rodzinnego, psychologicznego, pomocy spo\u0142ecznej, uzale\u017cnie\u0144, przemocy, praw pacjenta, itp.<\/a><\/li>\n<\/ul>\n<hr style=\"border: none; height: 3px; background-color: green;\" \/>\n<p><span style=\"color: #000000;\"><strong>O\u015brodki \u015arodowiskowej Pomocy Psychologicznej\u00a0<\/strong><strong>i Psychoterapeutycznej dla dzieci:<\/strong><\/span><\/p>\n<ul>\n<li>Rumia, ul. Derdowskiego 23,\u00a0 \u00a0<strong>tel. 58 727 24 02\u00a0\u00a0<\/strong><\/li>\n<li>Wejherowo, ul. 10 Lutego 13,\u00a0 <strong>\u00a0tel. 600 053 419 <\/strong><\/li>\n<li>Gdynia, ul. Wio\u015blarska 12,\u00a0 \u00a0<strong> tel. 600 053 419\u00a0 \u00a0<\/strong><\/li>\n<li>Sopot, ul. gen. J\u00f3zefa Wybickiego 48,\u00a0 <strong>tel. 600 053 419<\/strong><\/li>\n<li>Gda\u0144sk, ul. P\u0142k. D\u0105bka 17\/6,\u00a0 \u00a0 <strong>tel. 600 053 419<\/strong><\/li>\n<\/ul>\n<hr style=\"border: none; height: 3px; background-color: green;\" \/>\n<p><span style=\"color: #000000;\"><strong>Potrzebujesz wsparcia?\u00a0 \u00a0 <\/strong><strong>Zadzwo\u0144,\u00a0 \u00a0napisz,\u00a0 \u00a0porozmawiaj.<\/strong><\/span><\/p>\n<p>Telefony zaufania funkcjonuj\u0105 po to, by da\u0107 Ci wsparcie. Dy\u017curuj\u0105 przy nich osoby, kt\u00f3re ch\u0119tnie Ci\u0119 wys\u0142uchaj\u0105 i pomog\u0105 w trudnej dla Ciebie sytuacji. Mo\u017cesz liczy\u0107 na dyskrecj\u0119 i anonimowo\u015b\u0107.<\/p>\n<ul>\n<li><a href=\"https:\/\/panaceum-rumia.pl\/wp-content\/uploads\/2024\/09\/Tel_zaufania_n.pdf\" target=\"_blank\" rel=\"noopener\">Specjalistyczne telefony zaufania<\/a><\/li>\n<li><a href=\"https:\/\/panaceum-rumia.pl\/wp-content\/uploads\/2024\/09\/Wsparcie_rowiesnicze.pdf\" target=\"_blank\" rel=\"noopener\">Wsparcie r\u00f3wie\u015bnicze<\/a><\/li>\n<li><a href=\"https:\/\/panaceum-rumia.pl\/wp-content\/uploads\/2024\/09\/Kryzys_samobojstwo.pdf\" target=\"_blank\" rel=\"noopener\">Przechodzisz kryzys<\/a><\/li>\n<li><a href=\"https:\/\/panaceum-rumia.pl\/wp-content\/uploads\/2024\/09\/NFZ_Depresja.pdf\" target=\"_blank\" rel=\"noopener\">Depresja<\/a><\/li>\n<\/ul>\n<p>&nbsp;<\/p>","protected":false},"excerpt":{"rendered":"<p>Nocna i \u015awi\u0105teczna Opieka Zdrowotna: Rumia, ul. Derdowskiego 24,\u00a0 \u00a0tel. 58 72 72 950 Wejherowo &#8211; Szpital, ul. Jagalskiego 10\u00a0(budynek znajduj\u0105cy si\u0119 vis a vis wej\u015bcia do g\u0142\u00f3wnego budynku szpitala), tel. 58 57 78 44 Gdynia Chylonia, ul. Wejherowska 59,\u00a0 tel. 58 726 09 39 Lista jednostek nieodp\u0142atnego poradnictwa w Powiecie Wejherowskim: Rodzinnego, psychologicznego, pomocy [&hellip;]<\/p>","protected":false},"author":5,"featured_media":0,"parent":0,"menu_order":0,"comment_status":"closed","ping_status":"closed","template":"","meta":{"footnotes":""},"class_list":["post-2135","page","type-page","status-publish","hentry","entry"],"aioseo_notices":[],"_links":{"self":[{"href":"https:\/\/panaceum-rumia.pl\/uk\/wp-json\/wp\/v2\/pages\/2135","targetHints":{"allow":["GET"]}}],"collection":[{"href":"https:\/\/panaceum-rumia.pl\/uk\/wp-json\/wp\/v2\/pages"}],"about":[{"href":"https:\/\/panaceum-rumia.pl\/uk\/wp-json\/wp\/v2\/types\/page"}],"author":[{"embeddable":true,"href":"https:\/\/panaceum-rumia.pl\/uk\/wp-json\/wp\/v2\/users\/5"}],"replies":[{"embeddable":true,"href":"https:\/\/panaceum-rumia.pl\/uk\/wp-json\/wp\/v2\/comments?post=2135"}],"version-history":[{"count":19,"href":"https:\/\/panaceum-rumia.pl\/uk\/wp-json\/wp\/v2\/pages\/2135\/revisions"}],"predecessor-version":[{"id":2175,"href":"https:\/\/panaceum-rumia.pl\/uk\/wp-json\/wp\/v2\/pages\/2135\/revisions\/2175"}],"wp:attachment":[{"href":"https:\/\/panaceum-rumia.pl\/uk\/wp-json\/wp\/v2\/media?parent=2135"}],"curies":[{"name":"wp","href":"https:\/\/api.w.org\/{rel}","templated":true}]}}