{"id":2130,"date":"2024-09-27T11:55:03","date_gmt":"2024-09-27T09:55:03","guid":{"rendered":"https:\/\/panaceum-rumia.pl\/?page_id=2130"},"modified":"2024-09-30T11:24:53","modified_gmt":"2024-09-30T09:24:53","slug":"opieka-okoloporodowa","status":"publish","type":"page","link":"https:\/\/panaceum-rumia.pl\/uk\/opieka-okoloporodowa\/","title":{"rendered":"Opieka oko\u0142oporodowa"},"content":{"rendered":"<p>Opieka oko\u0142oporodowa realizowana jest przede wszystkim przez po\u0142o\u017cn\u0105 przy udziale lekarza POZ i\u00a0piel\u0119gniarki \u015brodowiskowo-rodzinnej.<\/p>\n<ul>\n<li><a href=\"https:\/\/panaceum-rumia.pl\/uk\/edukacja-zdrowia\/program_przedporodowej\/\" target=\"_blank\" rel=\"noopener\">Program opieki przedporodowej<\/a><\/li>\n<li><a href=\"https:\/\/panaceum-rumia.pl\/uk\/edukacja-zdrowia\/program_poporodowej\/\" target=\"_blank\" rel=\"noopener\">Program opieki poporodowej<\/a><\/li>\n<li><a href=\"https:\/\/panaceum-rumia.pl\/uk\/edukacja-zdrowia\/harmonogram_kontroli_ciaza\/\" target=\"_blank\" rel=\"noopener\">Harmonogram kontroli kobiet ci\u0119\u017carnych<\/a><\/li>\n<li><a href=\"https:\/\/panaceum-rumia.pl\/wp-content\/uploads\/2024\/09\/2024-03-12-11-53-33_EDIT.org_-scaled.jpeg\" target=\"_blank\" rel=\"noopener\">Przygotowanie do porodu &#8211; Zaproszenie<\/a><\/li>\n<\/ul>","protected":false},"excerpt":{"rendered":"<p>Opieka oko\u0142oporodowa realizowana jest przede wszystkim przez po\u0142o\u017cn\u0105 przy udziale lekarza POZ i\u00a0piel\u0119gniarki \u015brodowiskowo-rodzinnej. Program opieki przedporodowej Program opieki poporodowej Harmonogram kontroli kobiet ci\u0119\u017carnych Przygotowanie do porodu &#8211; Zaproszenie<\/p>","protected":false},"author":5,"featured_media":0,"parent":0,"menu_order":0,"comment_status":"closed","ping_status":"closed","template":"","meta":{"footnotes":""},"class_list":["post-2130","page","type-page","status-publish","hentry","entry"],"aioseo_notices":[],"_links":{"self":[{"href":"https:\/\/panaceum-rumia.pl\/uk\/wp-json\/wp\/v2\/pages\/2130","targetHints":{"allow":["GET"]}}],"collection":[{"href":"https:\/\/panaceum-rumia.pl\/uk\/wp-json\/wp\/v2\/pages"}],"about":[{"href":"https:\/\/panaceum-rumia.pl\/uk\/wp-json\/wp\/v2\/types\/page"}],"author":[{"embeddable":true,"href":"https:\/\/panaceum-rumia.pl\/uk\/wp-json\/wp\/v2\/users\/5"}],"replies":[{"embeddable":true,"href":"https:\/\/panaceum-rumia.pl\/uk\/wp-json\/wp\/v2\/comments?post=2130"}],"version-history":[{"count":3,"href":"https:\/\/panaceum-rumia.pl\/uk\/wp-json\/wp\/v2\/pages\/2130\/revisions"}],"predecessor-version":[{"id":2134,"href":"https:\/\/panaceum-rumia.pl\/uk\/wp-json\/wp\/v2\/pages\/2130\/revisions\/2134"}],"wp:attachment":[{"href":"https:\/\/panaceum-rumia.pl\/uk\/wp-json\/wp\/v2\/media?parent=2130"}],"curies":[{"name":"wp","href":"https:\/\/api.w.org\/{rel}","templated":true}]}}