{"id":2079,"date":"2024-09-24T12:49:27","date_gmt":"2024-09-24T10:49:27","guid":{"rendered":"https:\/\/panaceum-rumia.pl\/?page_id=2079"},"modified":"2024-09-30T11:10:02","modified_gmt":"2024-09-30T09:10:02","slug":"opieka-koordynowana","status":"publish","type":"page","link":"https:\/\/panaceum-rumia.pl\/uk\/opieka-koordynowana\/","title":{"rendered":"Opieka koordynowana"},"content":{"rendered":"<p><img decoding=\"async\" class=\"alignnone size-medium wp-image-2082\" src=\"https:\/\/panaceum-rumia.pl\/wp-content\/uploads\/2024\/09\/OK-360x105.jpg\" alt=\"\" width=\"360\" height=\"105\" srcset=\"https:\/\/panaceum-rumia.pl\/wp-content\/uploads\/2024\/09\/OK-360x105.jpg 360w, https:\/\/panaceum-rumia.pl\/wp-content\/uploads\/2024\/09\/OK-1200x349.jpg 1200w, https:\/\/panaceum-rumia.pl\/wp-content\/uploads\/2024\/09\/OK-768x223.jpg 768w, https:\/\/panaceum-rumia.pl\/wp-content\/uploads\/2024\/09\/OK-18x5.jpg 18w, https:\/\/panaceum-rumia.pl\/wp-content\/uploads\/2024\/09\/OK.jpg 1387w\" sizes=\"(max-width: 360px) 100vw, 360px\" \/><\/p>\n<p><span style=\"color: #000000;\"><strong>Opieka koordynowana w POZ \u2013 co to znaczy?<\/strong><\/span><br \/>\nOd 1 pa\u017adziernika 2022 roku poradnie POZ maj\u0105 mo\u017cliwo\u015b\u0107 realizacji opieki koordynowanej nad pacjentem. Na chwil\u0119 obecn\u0105 ta us\u0142uga nie jest dost\u0119pna we wszystkich poradniach POZ, ale jej dost\u0119pno\u015b\u0107 b\u0119dzie si\u0119 zwi\u0119ksza\u0107.<br \/>\nPacjenci obj\u0119ci opiek\u0105 koordynowan\u0105 maj\u0105 mo\u017cliwo\u015b\u0107 szybszej diagnozy oraz leczenia wybranych chor\u00f3b przewlek\u0142ych u swojego lekarza rodzinnego (POZ), bez konieczno\u015bci odbywania wizyty u lekarza specjalisty w ramach leczenia w AOS. To przychodnia POZ powinna zapewni\u0107 wybrane konsultacje specjalistyczne dla swoich pacjent\u00f3w (kardiolog, diabetolog, endokrynolog, pulmonolog\/alergolog), a lekarz POZ kieruje na nie, gdy widzi wskazania. Lekarz rodzinny mo\u017ce tak\u017ce skonsultowa\u0107 si\u0119 z lekarzem specjalist\u0105 oraz om\u00f3wi\u0107 wyniki bada\u0144 i ustali\u0107 plan leczenia chorego, tak aby pacjent w POZ zosta\u0142 obj\u0119ty kompleksow\u0105 opiek\u0105 medyczn\u0105 bez konieczno\u015bci osobistej konsultacji u specjalist\u00f3w.<br \/>\nW ramach opieki koordynowanej pacjenci chorzy przewlekle s\u0105 r\u00f3wnie\u017c obj\u0119ci edukacj\u0105 zdrowotn\u0105, w ramach kt\u00f3rej b\u0119d\u0105 mogli dowiedzie\u0107 si\u0119 jak radzi\u0107 sobie ze swoj\u0105 chorob\u0105. W razie potrzeby, lekarz rodzinny mo\u017ce skierowa\u0107 pacjenta do dietetyka (np. po rozpoznaniu cukrzycy).<br \/>\nW ramach opieki koordynowanej lekarz POZ mo\u017ce zleci\u0107 badania (je\u015bli b\u0119d\u0105 do tego wskazania medyczne), na kt\u00f3re do tej pory m\u00f3g\u0142 wystawi\u0107 skierowanie jedynie lekarz specjalista pracuj\u0105cy w szpitalu lub przychodni specjalistycznej (np. EKG wysi\u0142kowe, USG Doppler naczy\u0144 ko\u0144czyn dolnych, ECHO serca czy pakiet bada\u0144 tarczycowych: antyTPO, antyTSHR, antyTG). Lekarz zleci Ci w\u0142a\u015bciwe badania, w zale\u017cno\u015bci od tego, na co chorujesz.<\/p>\n<p><span style=\"color: #000000;\"><strong>Jakie choroby mo\u017cesz leczy\u0107 w ramach opieki koordynowanej w POZ?<\/strong><\/span><br \/>\nLekarz rodzinny b\u0119dzie m\u00f3g\u0142 kompleksowo opiekowa\u0107 si\u0119 pacjentem z wybranymi schorzeniami z zakresu:<br \/>\n\u2022 kardiologii;<br \/>\n\u2022 diabetologii;<br \/>\n\u2022 chor\u00f3b p\u0142uc;<br \/>\n\u2022 endokrynologii;<br \/>\n\u2022 nefrologii.<br \/>\n<strong>Na wizycie &#8211; zapytaj swojego lekarza czy mo\u017cesz zosta\u0107 obj\u0119ty opiek\u0105 koordynowan\u0105 (<a href=\"https:\/\/panaceum-rumia.pl\/wp-content\/uploads\/2024\/09\/OK_choroby.pdf\" target=\"_blank\" rel=\"noopener\">lista chor\u00f3b<\/a>).<\/strong><\/p>\n<p><span style=\"color: #000000;\"><strong>Czym jest porada kompleksowa w ramach opieki koordynowanej i kto mo\u017ce z niej skorzysta\u0107?<\/strong><\/span><br \/>\nJe\u015bli lekarz zdiagnozuje u Ciebie jedn\u0105 z chor\u00f3b z zakresu kardiologii, diabetologii, chor\u00f3b p\u0142uc lub endokrynologii, przeprowadzi porad\u0119 kompleksow\u0105, kt\u00f3ra obejmuje: wywiad, badanie przedmiotowe, analiz\u0119 wynik\u00f3w bada\u0144 i stosowanego leczenia, zalecenie niezb\u0119dnych konsultacji specjalistycznych oraz bada\u0144 diagnostycznych, a tak\u017ce opracowanie Indywidualnego Planu Opieki Medycznej.<\/p>\n<p><span style=\"color: #000000;\"><strong>Indywidualny Plan Opieki Medycznej (IPOM) \u2013 co to jest?<\/strong><\/span><br \/>\nIPOM to plan Twojego leczenia, kt\u00f3ry opracowuje lekarz rodzinny. Plan ten obejmuje diagnostyk\u0119, leczenie, wizyty kontrolne oraz porady dietetyczne. Nad realizacj\u0105 tego planu b\u0119dzie czuwa\u0142 Tw\u00f3j lekarz i wyznaczony przez niego koordynator.<br \/>\nPAMI\u0118TAJ: ostatecznie Ty jeste\u015b odpowiedzialny za swoje zdrowie i realizacj\u0119 tego planu.<\/p>\n<p><span style=\"color: #000000;\"><strong>Co powinien zawiera\u0107 Indywidualny Plan Opieki Medycznej?<\/strong><\/span><br \/>\nIPOM powinien zawiera\u0107 zalecenia: wizyt kontrolnych, porad edukacyjnych udzielanych przez piel\u0119gniarki lub lekarzy, bada\u0144 kontrolnych, konsultacji dietetycznych.<\/p>\n<p><span style=\"color: #000000;\"><strong>Jakie s\u0105 zadania koordynatora w opiece koordynowanej?<\/strong><\/span><br \/>\nKoordynator w POZ jest przewodnikiem i opiekunem pacjenta. Koordynator wspiera lekarza w komunikacji z pacjentem, kontaktuje si\u0119 z pacjentem, aby om\u00f3wi\u0107 kolejne etapy leczenia, przypomnie\u0107 o badaniach i wizytach kontrolnych czy zalecanej profilaktyce, a tak\u017ce zapewnia wsp\u00f3\u0142prac\u0119 mi\u0119dzy osobami zaanga\u017cowanymi w opiek\u0119 nad pacjentem<\/p>\n<p>Strony po\u015bwi\u0119cone opiece koordynowanej:<\/p>\n<ul>\n<li><a href=\"https:\/\/www.nfz.gov.pl\/dla-pacjenta\/informacje-o-swiadczeniach\/podstawowa-opieka-zdrowotna\/opieka-koordynowana-w-poz\/\" target=\"_blank\" rel=\"noopener\">nfz.gov.pl<\/a><\/li>\n<li><a href=\"https:\/\/pacjent.gov.pl\/aktualnosc\/opieka-koordynowana-w-podstawowej-opiece-zdrowotnej\" target=\"_blank\" rel=\"noopener\">pacjent.gov.pl<\/a><\/li>\n<li><a href=\"https:\/\/ptmr.info.pl\/opieka-koordynowana-w-poz\/\" target=\"_blank\" rel=\"noopener\">ptmr.info.pl<\/a><\/li>\n<\/ul>","protected":false},"excerpt":{"rendered":"<p>Opieka koordynowana w POZ \u2013 co to znaczy? Od 1 pa\u017adziernika 2022 roku poradnie POZ maj\u0105 mo\u017cliwo\u015b\u0107 realizacji opieki koordynowanej nad pacjentem. Na chwil\u0119 obecn\u0105 ta us\u0142uga nie jest dost\u0119pna we wszystkich poradniach POZ, ale jej dost\u0119pno\u015b\u0107 b\u0119dzie si\u0119 zwi\u0119ksza\u0107. Pacjenci obj\u0119ci opiek\u0105 koordynowan\u0105 maj\u0105 mo\u017cliwo\u015b\u0107 szybszej diagnozy oraz leczenia wybranych chor\u00f3b przewlek\u0142ych u swojego [&hellip;]<\/p>","protected":false},"author":5,"featured_media":0,"parent":0,"menu_order":0,"comment_status":"closed","ping_status":"closed","template":"","meta":{"footnotes":""},"class_list":["post-2079","page","type-page","status-publish","hentry","entry"],"aioseo_notices":[],"_links":{"self":[{"href":"https:\/\/panaceum-rumia.pl\/uk\/wp-json\/wp\/v2\/pages\/2079","targetHints":{"allow":["GET"]}}],"collection":[{"href":"https:\/\/panaceum-rumia.pl\/uk\/wp-json\/wp\/v2\/pages"}],"about":[{"href":"https:\/\/panaceum-rumia.pl\/uk\/wp-json\/wp\/v2\/types\/page"}],"author":[{"embeddable":true,"href":"https:\/\/panaceum-rumia.pl\/uk\/wp-json\/wp\/v2\/users\/5"}],"replies":[{"embeddable":true,"href":"https:\/\/panaceum-rumia.pl\/uk\/wp-json\/wp\/v2\/comments?post=2079"}],"version-history":[{"count":7,"href":"https:\/\/panaceum-rumia.pl\/uk\/wp-json\/wp\/v2\/pages\/2079\/revisions"}],"predecessor-version":[{"id":2177,"href":"https:\/\/panaceum-rumia.pl\/uk\/wp-json\/wp\/v2\/pages\/2079\/revisions\/2177"}],"wp:attachment":[{"href":"https:\/\/panaceum-rumia.pl\/uk\/wp-json\/wp\/v2\/media?parent=2079"}],"curies":[{"name":"wp","href":"https:\/\/api.w.org\/{rel}","templated":true}]}}