{"id":1853,"date":"2024-09-17T12:26:06","date_gmt":"2024-09-17T10:26:06","guid":{"rendered":"https:\/\/panaceum-rumia.pl\/?page_id=1853"},"modified":"2024-09-30T11:13:12","modified_gmt":"2024-09-30T09:13:12","slug":"edukacja-zdrowia","status":"publish","type":"page","link":"https:\/\/panaceum-rumia.pl\/uk\/edukacja-zdrowia\/","title":{"rendered":"Edukacja zdrowia"},"content":{"rendered":"<p><span style=\"color: #000000;\"><strong>Co to jest edukacja zdrowia?<\/strong><\/span><\/p>\n<p>Edukacja zdrowotna ma na celu popraw\u0119 umiej\u0119tno\u015bci rozumienia i korzystania z wiedzy o zdrowiu i indywidualnych czynnikach ryzyka, podejmowania decyzji zdrowotnych, radzenia sobie z chorobami przewlek\u0142ymi i niepe\u0142nosprawno\u015bci\u0105. Zdrowie jest jedn\u0105 z najwa\u017cniejszych warto\u015bci dla cz\u0142owieka, kt\u00f3r\u0105 cz\u0119sto doceniamy dopiero w momencie jego utraty.<\/p>\n<hr style=\"border: none; height: 3px; background-color: green;\" \/>\n<p><span style=\"color: #000000;\"><strong>W przychodni realizowane s\u0105 nast\u0119puj\u0105ce Edukacje zdrowia:<\/strong><\/span><\/p>\n<ul>\n<li><a href=\"https:\/\/panaceum-rumia.pl\/wp-content\/uploads\/2024\/09\/NFZ_Nadcisnienie.pdf\" target=\"_blank\" rel=\"noopener\">Nadci\u015bnienie t\u0119tnicze<\/a><\/li>\n<li><a href=\"https:\/\/panaceum-rumia.pl\/wp-content\/uploads\/2024\/09\/NFZ_Cukrzyca.pdf\" target=\"_blank\" rel=\"noopener\">Cukrzyca typu II<\/a><\/li>\n<li><a href=\"https:\/\/panaceum-rumia.pl\/wp-content\/uploads\/2024\/09\/Odlezyny.pdf\" target=\"_blank\" rel=\"noopener\">Odle\u017cyny<\/a><\/li>\n<li><a href=\"https:\/\/panaceum-rumia.pl\/wp-content\/uploads\/2024\/09\/OK_ulotka_max.pdf\" target=\"_blank\" rel=\"noopener\">Opieka koordynowana<\/a><\/li>\n<\/ul>\n<p><strong>Wi\u0119cej informacji na ten temat uzyskasz w rejestracji przychodni. Serdecznie zapraszamy.<\/strong><\/p>\n<hr style=\"border: none; height: 3px; background-color: green;\" \/>\n<p><strong>Opieka oko\u0142oporodowa<\/strong> realizowana jest przede wszystkim przez po\u0142o\u017cn\u0105 przy udziale lekarza POZ i piel\u0119gniarki \u015brodowiskowo-rodzinnej:<\/p>\n<ul>\n<li style=\"list-style-type: none;\">\n<ul>\n<li><a href=\"https:\/\/panaceum-rumia.pl\/uk\/edukacja-zdrowia\/program_przedporodowej\/\" target=\"_blank\" rel=\"noopener\">Program opieki przedporodowej<\/a><\/li>\n<li><a href=\"https:\/\/panaceum-rumia.pl\/uk\/edukacja-zdrowia\/program_poporodowej\/\" target=\"_blank\" rel=\"noopener\">Program opieki poporodowej<\/a><\/li>\n<li><a href=\"https:\/\/panaceum-rumia.pl\/uk\/edukacja-zdrowia\/harmonogram_kontroli_ciaza\/\" target=\"_blank\" rel=\"noopener\">Harmonogram kontroli kobiet ci\u0119\u017carnych<\/a><\/li>\n<li><a href=\"https:\/\/panaceum-rumia.pl\/wp-content\/uploads\/2024\/09\/2024-03-12-11-53-33_EDIT.org_-scaled.jpeg\" target=\"_blank\" rel=\"noopener\">Przygotowanie do porodu &#8211; Plakat informacyjny<\/a><\/li>\n<\/ul>\n<\/li>\n<\/ul>\n<hr style=\"border: none; height: 3px; background-color: green;\" \/>\n<p>Zapraszamy r\u00f3wnie\u017c na strony zwi\u0105zane z edukacj\u0105 zdrowia:<\/p>\n<ul>\n<li><a href=\"https:\/\/ncez.pzh.gov.pl\/poradnia\/\" target=\"_blank\" rel=\"noopener\">Bezp\u0142atne konsultacje dietetyczne on-line &#8211; porada dietetyka, psychodietetyka, specjalisty ds. aktywno\u015bci fizycznej<\/a><\/li>\n<li><a href=\"https:\/\/mojacukrzyca.org\/\" target=\"_blank\" rel=\"noopener\">Portal mojacukrzyca.org<\/a><\/li>\n<li><a href=\"https:\/\/www.pfed.org.pl\/\" target=\"_blank\" rel=\"noopener\">Polska Federacja Edukacji w Diabetologii<\/a><\/li>\n<li><a href=\"https:\/\/diabetyk.org.pl\/\" target=\"_blank\" rel=\"noopener\">Polskie Stowarzyszenie Diabetyk\u00f3w<\/a><\/li>\n<li><a href=\"https:\/\/www.ptdiab.pl\/\" target=\"_blank\" rel=\"noopener\">Polskie Towarzystwo Diabetologiczne<\/a><\/li>\n<li><a href=\"https:\/\/cukrzyca.pl\/\" target=\"_blank\" rel=\"noopener\">Darmowa aplikacja g\u0142osowa dla chorych na cukrzyc\u0119 w Polsce<\/a><\/li>\n<li><a href=\"https:\/\/akademia.nfz.gov.pl\/\" target=\"_blank\" rel=\"noopener\">Akademia NFZ<\/a><\/li>\n<li><a href=\"https:\/\/diety.nfz.gov.pl\/\" target=\"_blank\" rel=\"noopener\">Na portalu Diety.nfz.gov.pl znajdziesz m.in.: bezp\u0142atne jad\u0142ospisy oparte na diecie DASH <\/a><br \/>\nz przepisami na zdrowe dania oraz list\u0105 zakup\u00f3w, porady \u017cywieniowe, e-booki<\/li>\n<li><a href=\"https:\/\/www.youtube.com\/channel\/UC9Jc30vlzRL367GWhD9erVA\" target=\"_blank\" rel=\"noopener\">Na kanale YouTube Akademia NFZ zobaczysz m.in. filmy edukacyjne, plany treningowe<\/a><\/li>\n<li><a href=\"https:\/\/koordynowana.nfz.gov.pl\/baza-wiedzy\/\" target=\"_blank\" rel=\"noopener\">Baza wiedzy: e-booki, \u015bcie\u017cki diagnostyczno-terapeutyczne, filmy, aplikacje<\/a><\/li>\n<\/ul>","protected":false},"excerpt":{"rendered":"<p>Co to jest edukacja zdrowia? Edukacja zdrowotna ma na celu popraw\u0119 umiej\u0119tno\u015bci rozumienia i korzystania z wiedzy o zdrowiu i indywidualnych czynnikach ryzyka, podejmowania decyzji zdrowotnych, radzenia sobie z chorobami przewlek\u0142ymi i niepe\u0142nosprawno\u015bci\u0105. Zdrowie jest jedn\u0105 z najwa\u017cniejszych warto\u015bci dla cz\u0142owieka, kt\u00f3r\u0105 cz\u0119sto doceniamy dopiero w momencie jego utraty. W przychodni realizowane s\u0105 nast\u0119puj\u0105ce Edukacje [&hellip;]<\/p>","protected":false},"author":5,"featured_media":0,"parent":0,"menu_order":0,"comment_status":"closed","ping_status":"closed","template":"","meta":{"footnotes":""},"class_list":["post-1853","page","type-page","status-publish","hentry","entry"],"aioseo_notices":[],"_links":{"self":[{"href":"https:\/\/panaceum-rumia.pl\/uk\/wp-json\/wp\/v2\/pages\/1853","targetHints":{"allow":["GET"]}}],"collection":[{"href":"https:\/\/panaceum-rumia.pl\/uk\/wp-json\/wp\/v2\/pages"}],"about":[{"href":"https:\/\/panaceum-rumia.pl\/uk\/wp-json\/wp\/v2\/types\/page"}],"author":[{"embeddable":true,"href":"https:\/\/panaceum-rumia.pl\/uk\/wp-json\/wp\/v2\/users\/5"}],"replies":[{"embeddable":true,"href":"https:\/\/panaceum-rumia.pl\/uk\/wp-json\/wp\/v2\/comments?post=1853"}],"version-history":[{"count":24,"href":"https:\/\/panaceum-rumia.pl\/uk\/wp-json\/wp\/v2\/pages\/1853\/revisions"}],"predecessor-version":[{"id":2180,"href":"https:\/\/panaceum-rumia.pl\/uk\/wp-json\/wp\/v2\/pages\/1853\/revisions\/2180"}],"wp:attachment":[{"href":"https:\/\/panaceum-rumia.pl\/uk\/wp-json\/wp\/v2\/media?parent=1853"}],"curies":[{"name":"wp","href":"https:\/\/api.w.org\/{rel}","templated":true}]}}