{"id":430,"date":"2021-05-20T10:40:25","date_gmt":"2021-05-20T08:40:25","guid":{"rendered":"https:\/\/panaceum-rumia.pl\/?page_id=430"},"modified":"2023-11-23T12:52:01","modified_gmt":"2023-11-23T11:52:01","slug":"polityka-zsz","status":"publish","type":"page","link":"https:\/\/panaceum-rumia.pl\/en\/polityka-zsz\/","title":{"rendered":"IMS policy"},"content":{"rendered":"<h2>Integrated Management System Policy<\/h2>\n<p>Taking into account the continuous improvement of the quality of services provided and the security of processed information, the implementation of the quality policy and the information security system &quot;<strong>PANACEUM\u201d Sp. z o. o<\/strong> developed, implemented<br \/>\nand intends to constantly improve the Integrated Management System in accordance with the international standards PN-EN ISO 9001:2015-10 and PN-ISO\/IEC 27001:2014-12.<\/p>\n<p>We are committed to meeting the requirements of legislation and legal provisions relating to our activities in such a way as to minimize the harmful effects on the natural environment and we want to constantly improve the quality of services.<\/p>\n<p>We intend to implement the above tasks of the policy through the following goals:<\/p>\n<ul>\n<li>meeting the expectations of our patients and other interested parties by continuously improving the quality of medical services provided,<\/li>\n<li>improving the skills and qualifications of all employees in improving the quality of our services <strong>&quot;PANACEUM&quot; Sp. z o. o<\/strong>,<\/li>\n<li>constant improvement of competitiveness by improving the compliant management system<br \/>\nwith the requirements of the PN-EN ISO 9001:2015-10 and PN-ISO\/IEC 27001:2014-12 standards.<\/li>\n<li>building a strong organization open to changes, innovations and challenges,<\/li>\n<li>raising employees&#039; awareness of information security,<\/li>\n<li>protection of patient information,<\/li>\n<li>providing patients with complete and consistent information about the services of our Organization,<\/li>\n<li>protection of information ensuring the security of medical services provided,<\/li>\n<li>implementation of business processes using modern and secure information technologies,<\/li>\n<li>proper selection of suppliers and control of information processes entrusted to them,<\/li>\n<li>conducting periodic risk analysis related to information security,<\/li>\n<li>monitoring the effectiveness of the applied security measures and quick response to incidents,<\/li>\n<li>ensuring compliance with legal requirements regarding information protection,<\/li>\n<li>providing integral information for current operation and development,<\/li>\n<li>introducing and monitoring the security of an information security management system,<\/li>\n<li>analysis of process and business risks and opportunities, which reflects the context and competences of our Organization in the existing situation aimed at meeting the needs of clients, other parties interested in the management system and independent control bodies.<\/li>\n<\/ul>\n<p>The Directorate provides the resources necessary to implement this policy and declares the full commitment of its own and all staff in maintaining the integrated management system and its continuous improvement in order to provide patients with care and better conditions.<\/p>\n<p>All employees of &quot;PANACEUM&quot; Sp. z o. o. I make responsible for the implementation of this Policy in relation to their workplaces and oblige them to show initiative in the field of process and service improvement.<\/p>\n<p>We ensure that the presented Integrated Management System Policy is understood and complied with by the employees of our &quot;PANACEUM&quot; Sp. z o. o. and cooperating persons and companies.<\/p>\n<p>Approved by:<\/p>\n<p><strong>Director Tomasz Pecura<\/strong><\/p>\n<p>Rumia, October 3, 2017<\/p>","protected":false},"excerpt":{"rendered":"<p>Polityka Zintegrowanego Systemu Zarz\u0105dzania Maj\u0105c na uwadze ci\u0105g\u0142\u0105 popraw\u0119 jako\u015bci \u015bwiadczonych us\u0142ug oraz bezpiecze\u0144stwo przetwarzanych informacji, realizacj\u0119 polityki jako\u015bci i systemu bezpiecze\u0144stwa informacji \u201ePANACEUM\u201d Sp. z o.o. opracowa\u0142, wdro\u017cy\u0142 i zamierza ci\u0105gle doskonali\u0107 Zintegrowany System Zarz\u0105dzania\u00a0\u00a0zgodny\u00a0\u00a0z mi\u0119dzynarodowymi normami PN-EN ISO 9001:2015-10 oraz PN-ISO\/IEC 27001:2014-12. Zobowi\u0105zujemy si\u0119 do spe\u0142niania wymaga\u0144 ustawodawstwa i przepis\u00f3w prawnych dotycz\u0105cych naszej [&hellip;]<\/p>","protected":false},"author":2,"featured_media":0,"parent":0,"menu_order":0,"comment_status":"closed","ping_status":"closed","template":"","meta":{"footnotes":""},"class_list":["post-430","page","type-page","status-publish","hentry","entry"],"aioseo_notices":[],"_links":{"self":[{"href":"https:\/\/panaceum-rumia.pl\/en\/wp-json\/wp\/v2\/pages\/430","targetHints":{"allow":["GET"]}}],"collection":[{"href":"https:\/\/panaceum-rumia.pl\/en\/wp-json\/wp\/v2\/pages"}],"about":[{"href":"https:\/\/panaceum-rumia.pl\/en\/wp-json\/wp\/v2\/types\/page"}],"author":[{"embeddable":true,"href":"https:\/\/panaceum-rumia.pl\/en\/wp-json\/wp\/v2\/users\/2"}],"replies":[{"embeddable":true,"href":"https:\/\/panaceum-rumia.pl\/en\/wp-json\/wp\/v2\/comments?post=430"}],"version-history":[{"count":0,"href":"https:\/\/panaceum-rumia.pl\/en\/wp-json\/wp\/v2\/pages\/430\/revisions"}],"wp:attachment":[{"href":"https:\/\/panaceum-rumia.pl\/en\/wp-json\/wp\/v2\/media?parent=430"}],"curies":[{"name":"wp","href":"https:\/\/api.w.org\/{rel}","templated":true}]}}