{"id":2383,"date":"2025-09-24T10:59:05","date_gmt":"2025-09-24T08:59:05","guid":{"rendered":"https:\/\/panaceum-rumia.pl\/?page_id=2383"},"modified":"2025-09-24T11:06:37","modified_gmt":"2025-09-24T09:06:37","slug":"ankieta-aos","status":"publish","type":"page","link":"https:\/\/panaceum-rumia.pl\/en\/ankieta-aos\/","title":{"rendered":"Ankieta AOS"},"content":{"rendered":"<div class=\"elementor-element elementor-element-b1b065f elementor-widget elementor-widget-heading\" data-id=\"b1b065f\" data-element_type=\"widget\" data-widget_type=\"heading.default\">\n<div class=\"elementor-widget-container\">\n<h2 class=\"elementor-heading-title elementor-size-default\">Szanowni Pa\u0144stwo!<\/h2>\n<\/div>\n<\/div>\n<div class=\"elementor-element elementor-element-a68ec8b elementor-widget elementor-widget-text-editor\" data-id=\"a68ec8b\" data-element_type=\"widget\" data-widget_type=\"text-editor.default\">\n<div class=\"elementor-widget-container\">\n<p>Pa\u0144stwa opinia jest nam potrzebna w poprawie jako\u015bci us\u0142ug medycznych oraz \u015bwiadczenia naszych us\u0142ug zgodnie z Pa\u0144stwa oczekiwaniami. Przekazuj\u0105c Pa\u0144stwu niniejsz\u0105 ankiet\u0119 dotycz\u0105c\u0105 <strong>Poradni po\u0142o\u017cniczo-ginekologicznej, okulistycznej i otolaryngologicznej.<\/strong> Prosimy o udzielenie odpowiedzi na pytania w niej zawarte bior\u0105c pod uwag\u0119 korzystanie z naszych us\u0142ug w okresie ostatnich 12 miesi\u0119cy. Dane te nie b\u0119d\u0105 ujawniane nikomu poza osob\u0105 odpowiedzialna za weryfikacj\u0119 ankiety. Ankieta jest anonimowa i dobrowolna, a jej wype\u0142nienie zajmie oko\u0142o 3 minut.<\/p>\n<p><a href=\"https:\/\/www.cmj.org.pl\/aos\/panaceum\" target=\"_blank\" rel=\"noopener\">Ankieta satysfakcji pacjenta w AOS &#8211; strona<\/a><\/p>\n<p><a href=\"https:\/\/www.cmj.org.pl\/plakat\/aos\/1\/9rj4oBEl\" target=\"_blank\" rel=\"noopener\">Ankieta satysfakcji pacjenta w AOS &#8211; kod QR<\/a><\/p>\n<p style=\"text-align: right;\">Dzi\u0119kujemy za wype\u0142nienie<\/p>\n<\/div>\n<\/div>","protected":false},"excerpt":{"rendered":"<p>Szanowni Pa\u0144stwo! Pa\u0144stwa opinia jest nam potrzebna w poprawie jako\u015bci us\u0142ug medycznych oraz \u015bwiadczenia naszych us\u0142ug zgodnie z Pa\u0144stwa oczekiwaniami. Przekazuj\u0105c Pa\u0144stwu niniejsz\u0105 ankiet\u0119 dotycz\u0105c\u0105 Poradni po\u0142o\u017cniczo-ginekologicznej, okulistycznej i otolaryngologicznej. Prosimy o udzielenie odpowiedzi na pytania w niej zawarte bior\u0105c pod uwag\u0119 korzystanie z naszych us\u0142ug w okresie ostatnich 12 miesi\u0119cy. Dane te nie b\u0119d\u0105 [&hellip;]<\/p>","protected":false},"author":5,"featured_media":0,"parent":0,"menu_order":0,"comment_status":"closed","ping_status":"closed","template":"","meta":{"footnotes":""},"class_list":["post-2383","page","type-page","status-publish","hentry","entry"],"aioseo_notices":[],"_links":{"self":[{"href":"https:\/\/panaceum-rumia.pl\/en\/wp-json\/wp\/v2\/pages\/2383","targetHints":{"allow":["GET"]}}],"collection":[{"href":"https:\/\/panaceum-rumia.pl\/en\/wp-json\/wp\/v2\/pages"}],"about":[{"href":"https:\/\/panaceum-rumia.pl\/en\/wp-json\/wp\/v2\/types\/page"}],"author":[{"embeddable":true,"href":"https:\/\/panaceum-rumia.pl\/en\/wp-json\/wp\/v2\/users\/5"}],"replies":[{"embeddable":true,"href":"https:\/\/panaceum-rumia.pl\/en\/wp-json\/wp\/v2\/comments?post=2383"}],"version-history":[{"count":3,"href":"https:\/\/panaceum-rumia.pl\/en\/wp-json\/wp\/v2\/pages\/2383\/revisions"}],"predecessor-version":[{"id":2386,"href":"https:\/\/panaceum-rumia.pl\/en\/wp-json\/wp\/v2\/pages\/2383\/revisions\/2386"}],"wp:attachment":[{"href":"https:\/\/panaceum-rumia.pl\/en\/wp-json\/wp\/v2\/media?parent=2383"}],"curies":[{"name":"wp","href":"https:\/\/api.w.org\/{rel}","templated":true}]}}