{"id":2008,"date":"2024-09-20T13:14:30","date_gmt":"2024-09-20T11:14:30","guid":{"rendered":"https:\/\/panaceum-rumia.pl\/?page_id=2008"},"modified":"2024-09-23T12:54:23","modified_gmt":"2024-09-23T10:54:23","slug":"ortopeda","status":"publish","type":"page","link":"https:\/\/panaceum-rumia.pl\/en\/ortopeda\/","title":{"rendered":"Orthopaedist"},"content":{"rendered":"<h2>ORTOPEDIA I TRAUMATOLOGIA (pacjenci doro\u015bli)<\/h2>\n<ul>\n<li>Konsultacje ortopedyczne.<\/li>\n<li>Diagnostyka i leczenie chor\u00f3b narz\u0105du ruchu.<\/li>\n<li>Chirurgia r\u0119ki.<\/li>\n<li>Kwalifikacja do leczenia operacyjnego<\/li>\n<li>Prowadzenie pacjent\u00f3w po leczeniu operacyjnym.<\/li>\n<\/ul>\n<p><strong>Diagnostyka USG w ramach wizyty<\/strong><\/p>\n<p>Zabiegi pod kontrol\u0105 USG:<\/p>\n<ul>\n<li>Blokady sterydowe<\/li>\n<li>Punkcje staw\u00f3w<\/li>\n<li>Podawanie kwasu hialuronowego<\/li>\n<\/ul>\n<h2>Zapraszamy &#8211; \u015broda i pi\u0105tki godz. 15:00 &#8211; 18:00<\/h2>\n<p>Zapisy:<\/p>\n<div dir=\"auto\"><span class=\"html-span xexx8yu x4uap5 x18d9i69 xkhd6sd x1hl2dhg x16tdsg8 x1vvkbs x3nfvp2 x1j61x8r x1fcty0u xdj266r xat24cr xgzva0m xhhsvwb xxymvpz xlup9mm x1kky2od\">\u00a0 \u00a0 \u00a0 \u00a0 \u00a0 \u00a0<img decoding=\"async\" class=\"xz74otr entered lazyloaded\" src=\"https:\/\/static.xx.fbcdn.net\/images\/emoji.php\/v9\/t22\/1\/16\/260e.png\" alt=\"\u260e\ufe0f\" width=\"16\" height=\"16\" data-lazy-src=\"https:\/\/static.xx.fbcdn.net\/images\/emoji.php\/v9\/t22\/1\/16\/260e.png\" data-ll-status=\"loaded\" \/> \u00a0<\/span><strong>(58) 671-72-10<\/strong><\/div>\n<div dir=\"auto\"><span class=\"html-span xexx8yu x4uap5 x18d9i69 xkhd6sd x1hl2dhg x16tdsg8 x1vvkbs x3nfvp2 x1j61x8r x1fcty0u xdj266r xat24cr xgzva0m xhhsvwb xxymvpz xlup9mm x1kky2od\">\u00a0 \u00a0 \u00a0 \u00a0 \u00a0 <img decoding=\"async\" class=\"xz74otr entered lazyloaded\" src=\"https:\/\/static.xx.fbcdn.net\/images\/emoji.php\/v9\/t57\/1\/16\/1f4f1.png\" alt=\"\ud83d\udcf1\" width=\"16\" height=\"16\" data-lazy-src=\"https:\/\/static.xx.fbcdn.net\/images\/emoji.php\/v9\/t57\/1\/16\/1f4f1.png\" data-ll-status=\"loaded\" \/>\u00a0 \u00a0<\/span><strong>609-787-993<\/strong><\/div>\n<div dir=\"auto\"><\/div>\n<p>&nbsp;<\/p>\n<h2>Price-list of services<\/h2>\n<ul>\n<li>Konsultacja ortopedyczna:\u00a0 <strong>200,00 z\u0142<\/strong><\/li>\n<\/ul>\n<p>Pozosta\u0142e us\u0142ugi dodatkowo p\u0142atne do ceny wizyty:<\/p>\n<ul>\n<li>Blokada sterydowa &#8211; miejscowa: <strong>100,00 z\u0142 + koszt leku<\/strong> (najcz\u0119\u015bciej Depomedrol z Lidocain\u0105)<\/li>\n<li>Podanie leku do stawu (np. wiskosuplementacja): <strong>100pln + koszt leku<\/strong> (chyba, \u017ce chory przynosi w\u0142asny lek)<strong>Lekarze specjali\u015bci:<\/strong><\/li>\n<\/ul>\n<h3>lek. Witold Szawczukiewicz &#8211; specjalista Ortopedii i Traumatologii Narz\u0105du Ruchu<\/h3>\n<p><a href=\"https:\/\/panaceum-rumia.pl\/wp-content\/uploads\/2024\/09\/plakaty-ortopeda-3.jpg\" target=\"_blank\" rel=\"noopener\">Plakat informacyjny<\/a><\/p>","protected":false},"excerpt":{"rendered":"<p>ORTOPEDIA I TRAUMATOLOGIA (pacjenci doro\u015bli) Konsultacje ortopedyczne. Diagnostyka i leczenie chor\u00f3b narz\u0105du ruchu. Chirurgia r\u0119ki. Kwalifikacja do leczenia operacyjnego Prowadzenie pacjent\u00f3w po leczeniu operacyjnym. Diagnostyka USG w ramach wizyty Zabiegi pod kontrol\u0105 USG: Blokady sterydowe Punkcje staw\u00f3w Podawanie kwasu hialuronowego Zapraszamy &#8211; \u015broda i pi\u0105tki godz. 15:00 &#8211; 18:00 Zapisy: \u00a0 \u00a0 \u00a0 \u00a0 \u00a0 [&hellip;]<\/p>","protected":false},"author":5,"featured_media":0,"parent":0,"menu_order":0,"comment_status":"closed","ping_status":"closed","template":"","meta":{"footnotes":""},"class_list":["post-2008","page","type-page","status-publish","hentry","entry"],"aioseo_notices":[],"_links":{"self":[{"href":"https:\/\/panaceum-rumia.pl\/en\/wp-json\/wp\/v2\/pages\/2008","targetHints":{"allow":["GET"]}}],"collection":[{"href":"https:\/\/panaceum-rumia.pl\/en\/wp-json\/wp\/v2\/pages"}],"about":[{"href":"https:\/\/panaceum-rumia.pl\/en\/wp-json\/wp\/v2\/types\/page"}],"author":[{"embeddable":true,"href":"https:\/\/panaceum-rumia.pl\/en\/wp-json\/wp\/v2\/users\/5"}],"replies":[{"embeddable":true,"href":"https:\/\/panaceum-rumia.pl\/en\/wp-json\/wp\/v2\/comments?post=2008"}],"version-history":[{"count":12,"href":"https:\/\/panaceum-rumia.pl\/en\/wp-json\/wp\/v2\/pages\/2008\/revisions"}],"predecessor-version":[{"id":2047,"href":"https:\/\/panaceum-rumia.pl\/en\/wp-json\/wp\/v2\/pages\/2008\/revisions\/2047"}],"wp:attachment":[{"href":"https:\/\/panaceum-rumia.pl\/en\/wp-json\/wp\/v2\/media?parent=2008"}],"curies":[{"name":"wp","href":"https:\/\/api.w.org\/{rel}","templated":true}]}}