{"id":1849,"date":"2024-09-17T12:21:37","date_gmt":"2024-09-17T10:21:37","guid":{"rendered":"https:\/\/panaceum-rumia.pl\/?page_id=1849"},"modified":"2025-05-27T10:49:37","modified_gmt":"2025-05-27T08:49:37","slug":"profilaktyka-zdrowia","status":"publish","type":"page","link":"https:\/\/panaceum-rumia.pl\/en\/profilaktyka-zdrowia\/","title":{"rendered":"Profilaktyka zdrowia"},"content":{"rendered":"<p><span style=\"color: #000000;\"><strong>Co to jest profilaktyka zdrowia? <\/strong><\/span><\/p>\n<p>Profilaktyka to zapobieganie chorobom, ich wczesne wykrywanie oraz takie post\u0119powanie w razie choroby, kt\u00f3re pomo\u017ce z\u0142agodzi\u0107 jej przebieg.<br \/>\nZapobiega\u0107 chorobom mo\u017cemy zar\u00f3wno poprzez spos\u00f3b, w jaki \u017cyjemy, jak i poprzez poddawanie si\u0119 badaniom przesiewowym, kt\u00f3re pozwol\u0105 wykry\u0107 gro\u017ane schorzenia na takim etapie, \u017ce wci\u0105\u017c pozostaj\u0105 du\u017ce szanse wyleczenia i zredukowania ryzyka powik\u0142a\u0144. Dobrym przyk\u0142adem s\u0105 tu nowotwory, cho\u0107 nie tylko, bo tych chor\u00f3b, kt\u00f3rych wczesne wykrycie pozwoli na ograniczenie dalszego rozwoju choroby, jest wi\u0119cej: np. cukrzyca, nadci\u015bnienie, mia\u017cd\u017cyca.<\/p>\n<hr style=\"border: none; height: 3px; background-color: green;\" \/>\n<p>&nbsp;<\/p>\n<p><span style=\"color: #000000;\"><strong>Nasza przychodnia realizuje nast\u0119puj\u0105ce programy:\u00a0<\/strong><\/span><\/p>\n<ul>\n<li><a href=\"https:\/\/panaceum-rumia.pl\/en\/program-moje-zdrowie\/\" target=\"_blank\" rel=\"noopener\">Program Moje Zdrowie<\/a><\/li>\n<li><a href=\"https:\/\/panaceum-rumia.pl\/wp-content\/uploads\/2024\/09\/Profilaktyka_CHUK.pdf\" target=\"_blank\" rel=\"noopener\">Profilaktyka Chor\u00f3b Uk\u0142adu Kr\u0105\u017cenia (CHUK)<\/a><\/li>\n<li><a href=\"https:\/\/panaceum-rumia.pl\/wp-content\/uploads\/2024\/09\/Profilaktyka_grypa.pdf\" target=\"_blank\" rel=\"noopener\">Profilaktyka Grypy<\/a><\/li>\n<li><a href=\"https:\/\/panaceum-rumia.pl\/wp-content\/uploads\/2024\/09\/Profilaktyka_rak_piersi.pdf\" target=\"_blank\" rel=\"noopener\">Profilaktyka Raka Piersi &#8211; samokontrola<\/a><\/li>\n<li>Profilaktyka Higieny i piel\u0119gnacji noworodka oraz niemowl\u0119cia<\/li>\n<li><a href=\"https:\/\/panaceum-rumia.pl\/wp-content\/uploads\/2024\/09\/Profilaktyka_nadwaga_otylosc.pdf\" target=\"_blank\" rel=\"noopener\">Profilaktyka Nadwaga\/Oty\u0142o\u015b\u0107 dzieci<\/a><\/li>\n<li><a href=\"https:\/\/panaceum-rumia.pl\/wp-content\/uploads\/2024\/09\/Profilaktyka_uzaleznienia.pdf\" target=\"_blank\" rel=\"noopener\">Profilaktyka Uzale\u017cnie\u0144 dzieci<\/a><\/li>\n<li><a href=\"https:\/\/panaceum-rumia.pl\/wp-content\/uploads\/2024\/09\/Profilaktyka_prochnica.pdf\" target=\"_blank\" rel=\"noopener\">Profilaktyka Pr\u00f3chnicy dzieci<\/a><\/li>\n<\/ul>\n<p><strong>Wi\u0119cej informacji na ten temat uzyskasz w rejestracji przychodni.\u00a0 \u00a0 \u00a0<\/strong><\/p>\n<p style=\"text-align: right;\"><strong> Serdecznie zapraszamy<\/strong><\/p>\n<hr style=\"border: none; height: 3px; background-color: green;\" \/>\n<p>&nbsp;<\/p>\n<p>Zapraszamy r\u00f3wnie\u017c na strony po\u015bwi\u0119cone profilaktyce:<\/p>\n<ul>\n<li><a href=\"https:\/\/www.nfz.gov.pl\/dla-pacjenta\/programy-profilaktyczne\/\" target=\"_blank\" rel=\"noopener\">Profilaktyka na NFZ<\/a><\/li>\n<li><a href=\"https:\/\/pacjent.gov.pl\/programy-profilaktyczne\" target=\"_blank\" rel=\"noopener\">Pacjent.gov.pl &#8211; Profilaktyka<\/a><\/li>\n<li><a href=\"https:\/\/www.bing.com\/videos\/riverview\/relatedvideo?q=programy+profilaktyczne+nfz&amp;mid=BB33BD76C805505EBCFBBB33BD76C805505EBCFB&amp;FORM=VIRE\" target=\"_blank\" rel=\"noopener\">Wideo po\u015bwi\u0119cone bezp\u0142atnym badaniom profilaktycznym<\/a><\/li>\n<\/ul>\n<p>Zadbaj o siebie:<\/p>\n<ul>\n<li><a href=\"https:\/\/panaceum-rumia.pl\/wp-content\/uploads\/2024\/09\/NFZ_mozg.pdf\" target=\"_blank\" rel=\"noopener\">Jak dba\u0107 o m\u00f3zg<\/a><\/li>\n<li><a href=\"https:\/\/panaceum-rumia.pl\/wp-content\/uploads\/2024\/09\/NFZ_sluch.pdf\" target=\"_blank\" rel=\"noopener\">Jak zadba\u0107 o s\u0142uch<\/a><\/li>\n<\/ul>\n<p>&nbsp;<\/p>","protected":false},"excerpt":{"rendered":"<p>Co to jest profilaktyka zdrowia? Profilaktyka to zapobieganie chorobom, ich wczesne wykrywanie oraz takie post\u0119powanie w razie choroby, kt\u00f3re pomo\u017ce z\u0142agodzi\u0107 jej przebieg. Zapobiega\u0107 chorobom mo\u017cemy zar\u00f3wno poprzez spos\u00f3b, w jaki \u017cyjemy, jak i poprzez poddawanie si\u0119 badaniom przesiewowym, kt\u00f3re pozwol\u0105 wykry\u0107 gro\u017ane schorzenia na takim etapie, \u017ce wci\u0105\u017c pozostaj\u0105 du\u017ce szanse wyleczenia i zredukowania [&hellip;]<\/p>","protected":false},"author":5,"featured_media":0,"parent":0,"menu_order":0,"comment_status":"closed","ping_status":"closed","template":"","meta":{"footnotes":""},"class_list":["post-1849","page","type-page","status-publish","hentry","entry"],"aioseo_notices":[],"_links":{"self":[{"href":"https:\/\/panaceum-rumia.pl\/en\/wp-json\/wp\/v2\/pages\/1849","targetHints":{"allow":["GET"]}}],"collection":[{"href":"https:\/\/panaceum-rumia.pl\/en\/wp-json\/wp\/v2\/pages"}],"about":[{"href":"https:\/\/panaceum-rumia.pl\/en\/wp-json\/wp\/v2\/types\/page"}],"author":[{"embeddable":true,"href":"https:\/\/panaceum-rumia.pl\/en\/wp-json\/wp\/v2\/users\/5"}],"replies":[{"embeddable":true,"href":"https:\/\/panaceum-rumia.pl\/en\/wp-json\/wp\/v2\/comments?post=1849"}],"version-history":[{"count":26,"href":"https:\/\/panaceum-rumia.pl\/en\/wp-json\/wp\/v2\/pages\/1849\/revisions"}],"predecessor-version":[{"id":2367,"href":"https:\/\/panaceum-rumia.pl\/en\/wp-json\/wp\/v2\/pages\/1849\/revisions\/2367"}],"wp:attachment":[{"href":"https:\/\/panaceum-rumia.pl\/en\/wp-json\/wp\/v2\/media?parent=1849"}],"curies":[{"name":"wp","href":"https:\/\/api.w.org\/{rel}","templated":true}]}}