{"id":1846,"date":"2024-09-17T11:46:28","date_gmt":"2024-09-17T09:46:28","guid":{"rendered":"https:\/\/panaceum-rumia.pl\/?page_id=1846"},"modified":"2024-12-24T08:47:59","modified_gmt":"2024-12-24T07:47:59","slug":"dokumenty","status":"publish","type":"page","link":"https:\/\/panaceum-rumia.pl\/en\/dokumenty\/","title":{"rendered":"Dokumenty"},"content":{"rendered":"<h2>Dokumenty, materia\u0142y do pobrania, wa\u017cne linki &#8230;<\/h2>\n<hr style=\"border: none; height: 3px; background-color: green;\" \/>\n<p>Formularze:<\/p>\n<ul>\n<li><a href=\"https:\/\/panaceum-rumia.pl\/wp-content\/uploads\/2024\/09\/Zapotrzebowanie_leki.pdf\" target=\"_blank\" rel=\"noopener\">Zapotrzebowanie na leki &#8211; druk<\/a><\/li>\n<li><a href=\"https:\/\/panaceum-rumia.pl\/en\/dokumenty\/wniosek_dm\/\" target=\"_blank\" rel=\"noopener\">Wniosek o udost\u0119pnienie dokumentacji medycznej<\/a><\/li>\n<li><a href=\"https:\/\/panaceum-rumia.pl\/en\/dokumenty\/klauzula_rodo\/\" target=\"_blank\" rel=\"noopener\">Zgoda na przetwarzanie danych osobowych &#8211; RODO<\/a><\/li>\n<li><a href=\"https:\/\/panaceum-rumia.pl\/en\/dokumenty\/zgoda_leczenie\/\" target=\"_blank\" rel=\"noopener\">Zgoda na leczenie &#8211; doro\u015bli<\/a><\/li>\n<li><a href=\"https:\/\/panaceum-rumia.pl\/en\/dokumenty\/zgoda_leczenie_dziecko\/\" target=\"_blank\" rel=\"noopener\">Zgoda na leczenie &#8211; osoba niepe\u0142noletnia<\/a><\/li>\n<\/ul>\n<p>Informujemy, \u017ce sk\u0142adaj\u0105c deklaracj\u0119 wyboru lekarza, piel\u0119gniarki lub po\u0142o\u017cnej POZ wizyta domowa lub patrona\u017c nie odb\u0119d\u0105 si\u0119 w miejscu zamieszkania znajduj\u0105cym si\u0119 poza granicami Rumi.<\/p>\n<ul>\n<li><a href=\"https:\/\/panaceum-rumia.pl\/wp-content\/uploads\/2024\/09\/Deklaracja_lekarz.pdf\" target=\"_blank\" rel=\"noopener\">Deklaracja lekarz POZ<\/a><\/li>\n<li><a href=\"https:\/\/panaceum-rumia.pl\/wp-content\/uploads\/2024\/09\/Deklaracja_pielegniarka.pdf\" target=\"_blank\" rel=\"noopener\">Deklaracja piel\u0119gniarki POZ<\/a><\/li>\n<li><a href=\"https:\/\/panaceum-rumia.pl\/wp-content\/uploads\/2024\/09\/Deklaracja_polozna.pdf\" target=\"_blank\" rel=\"noopener\">Deklaracja po\u0142o\u017cnej POZ<\/a><\/li>\n<li><a href=\"https:\/\/panaceum-rumia.pl\/wp-content\/uploads\/2024\/12\/Klauzula_RODO_info_pacjent.pdf\" target=\"_blank\" rel=\"noopener\">Klauzula informacyjna dotycz\u0105ca pacjenta<\/a><\/li>\n<li><a href=\"https:\/\/panaceum-rumia.pl\/wp-content\/uploads\/2024\/12\/Informacja_ODO.pdf\" target=\"_blank\" rel=\"noopener\">Informacja o Ochronie Danych Osobowych<\/a><\/li>\n<\/ul>\n<hr style=\"border: none; height: 3px; background-color: green;\" \/>\n<p>Regulaminy:<\/p>\n<ul>\n<li><a href=\"https:\/\/panaceum-rumia.pl\/wp-content\/uploads\/2024\/12\/Regulamin_monitoring.pdf\" target=\"_blank\" rel=\"noopener\">Regulamin dotycz\u0105cy monitoringu<\/a><\/li>\n<li><a href=\"https:\/\/panaceum-rumia.pl\/wp-content\/uploads\/2024\/12\/Zal_1_monitoring.pdf\" target=\"_blank\" rel=\"noopener\">Za\u0142\u0105cznik nr 1 do Regulaminu dotycz\u0105cego monitoringu<\/a><\/li>\n<li><a href=\"https:\/\/panaceum-rumia.pl\/wp-content\/uploads\/2024\/12\/Klauzula_monitoring-1.pdf\" target=\"_blank\" rel=\"noopener\">Klauzula informacyjna dotycz\u0105ca monitoringu<\/a><\/li>\n<\/ul>\n<hr style=\"border: none; height: 3px; background-color: green;\" \/>\n<p>Przydatne linki:<\/p>\n<ul>\n<li><a href=\"https:\/\/www.nfz.gov.pl\/dla-pacjenta\/poradnik-pacjenta\/\" target=\"_blank\" rel=\"noopener\">Poradnik pacjenta NFZ<\/a><\/li>\n<li><a href=\"https:\/\/nawigatorpacjenta.rpp.gov.pl\/\" target=\"_blank\" rel=\"noopener\">Nawigator pacjenta &#8211; jak porusza\u0107 si\u0119 w systemie ochrony zdrowia<\/a><\/li>\n<li><a href=\"https:\/\/www.nfz.gov.pl\/dla-pacjenta\/prawa-pacjenta\/\" target=\"_blank\" rel=\"noopener\">Prawa pacjenta NFZ<\/a><\/li>\n<li><a href=\"https:\/\/www.gov.pl\/web\/rpp\/prawa-pacjenta\" target=\"_blank\" rel=\"noopener\">Prawa pacjenta i Rzecznik praw pacjenta<\/a><\/li>\n<li><a href=\"https:\/\/panaceum-rumia.pl\/wp-content\/uploads\/2024\/09\/PP_RPP_2020.pdf\" target=\"_blank\" rel=\"noopener\">Ustawa o Prawach Pacjenta i Rzeczniku Praw Pacjenta<\/a><\/li>\n<li><a href=\"https:\/\/panaceum-rumia.pl\/wp-content\/uploads\/2024\/12\/Publikacja_PP.pdf\" target=\"_blank\" rel=\"noopener\">Pacjent w podmiocie leczniczym<\/a> &#8211; publikacja opisuj\u0105ca poszczeg\u00f3lne prawa pacjenta<\/li>\n<\/ul>\n<hr style=\"border: none; height: 3px; background-color: green;\" \/>\n<p><span style=\"color: #000000;\"><strong>Standard Ochrony Ma\u0142oletnich w Panaceum:<\/strong><\/span><\/p>\n<p>Standard ochrony ma\u0142oletnich to procedura ochrony dzieci i m\u0142odzie\u017cy przed krzywdzeniem. Celem stosowania procedury jest zapewnienie poszanowania zasady r\u00f3wnego traktowania ma\u0142oletnich w zakresie dost\u0119pu do \u015bwiadcze\u0144 zdrowotnych, zasady kierowania si\u0119 w dzia\u0142aniach najlepszym interesem ma\u0142oletnich, w tym zasady ws\u0142uchiwania si\u0119 i uwzgl\u0119dnienia opinii ma\u0142oletniego.<\/p>\n<ul>\n<li><a href=\"https:\/\/panaceum-rumia.pl\/wp-content\/uploads\/2024\/09\/Kodeks_dzieci_kolor.pdf\" target=\"_blank\" rel=\"noopener\">Kodeks bezpiecznej relacji &#8211; wersja dla ma\u0142oletnich<\/a><\/li>\n<li><a href=\"https:\/\/panaceum-rumia.pl\/wp-content\/uploads\/2024\/09\/KBR.pdf\" target=\"_blank\" rel=\"noopener\">Kodeks bezpiecznej relacji<\/a><\/li>\n<li><a href=\"https:\/\/panaceum-rumia.pl\/wp-content\/uploads\/2024\/09\/ulotka_policja.pdf\" target=\"_blank\" rel=\"noopener\">Wa\u017cne telefony &#8211; plakat<\/a><\/li>\n<li><a href=\"https:\/\/panaceum-rumia.pl\/wp-content\/uploads\/2024\/09\/Tel_zaufania_n.pdf\" target=\"_blank\" rel=\"noopener\">Specjalistyczne telefony zaufania<\/a><\/li>\n<li><a href=\"https:\/\/panaceum-rumia.pl\/wp-content\/uploads\/2024\/09\/SOM_Panaceum.pdf\" target=\"_blank\" rel=\"noopener\">Procedura<\/a>\n<ul>\n<li><a href=\"https:\/\/panaceum-rumia.pl\/wp-content\/uploads\/2024\/09\/Zalacznik_1_SOM.pdf\" target=\"_blank\" rel=\"noopener\">Za\u0142\u0105cznik nr 1<\/a><\/li>\n<li><a href=\"https:\/\/panaceum-rumia.pl\/wp-content\/uploads\/2024\/09\/Zalacznik_2_SOM.pdf\" target=\"_blank\" rel=\"noopener\">Za\u0142\u0105cznik nr 2<\/a><\/li>\n<li><a href=\"https:\/\/panaceum-rumia.pl\/wp-content\/uploads\/2024\/09\/Zalacznik_3_SOM.pdf\" target=\"_blank\" rel=\"noopener\">Za\u0142\u0105cznik nr 3<\/a><\/li>\n<li><a href=\"https:\/\/panaceum-rumia.pl\/wp-content\/uploads\/2024\/09\/Zalacznik_4_SOM.pdf\" target=\"_blank\" rel=\"noopener\">Za\u0142\u0105cznik nr 4<\/a><\/li>\n<li><a href=\"https:\/\/panaceum-rumia.pl\/wp-content\/uploads\/2024\/09\/Zalacznik_5_SOM.pdf\" target=\"_blank\" rel=\"noopener\">Za\u0142\u0105cznik nr 5<\/a><\/li>\n<\/ul>\n<\/li>\n<\/ul>\n<hr style=\"border: none; height: 3px; background-color: green;\" \/>\n<p><strong>Zintegrowany System Zarz\u0105dzania<\/strong> z mi\u0119dzynarodowymi normami\u00a0 <strong>ISO 9001\u00a0 oraz ISO 27001:<\/strong><\/p>\n<ul>\n<li><a href=\"https:\/\/panaceum-rumia.pl\/wp-content\/uploads\/2024\/11\/Polityka_ZSZ_2024.pdf\" target=\"_blank\" rel=\"noopener\">IMS policy<\/a><\/li>\n<\/ul>\n<hr style=\"border: none; height: 3px; background-color: green;\" \/>","protected":false},"excerpt":{"rendered":"<p>Dokumenty, materia\u0142y do pobrania, wa\u017cne linki &#8230; Formularze: Zapotrzebowanie na leki &#8211; druk Wniosek o udost\u0119pnienie dokumentacji medycznej Zgoda na przetwarzanie danych osobowych &#8211; RODO Zgoda na leczenie &#8211; doro\u015bli Zgoda na leczenie &#8211; osoba niepe\u0142noletnia Informujemy, \u017ce sk\u0142adaj\u0105c deklaracj\u0119 wyboru lekarza, piel\u0119gniarki lub po\u0142o\u017cnej POZ wizyta domowa lub patrona\u017c nie odb\u0119d\u0105 si\u0119 w miejscu [&hellip;]<\/p>","protected":false},"author":5,"featured_media":0,"parent":0,"menu_order":0,"comment_status":"closed","ping_status":"closed","template":"","meta":{"footnotes":""},"class_list":["post-1846","page","type-page","status-publish","hentry","entry"],"aioseo_notices":[],"_links":{"self":[{"href":"https:\/\/panaceum-rumia.pl\/en\/wp-json\/wp\/v2\/pages\/1846","targetHints":{"allow":["GET"]}}],"collection":[{"href":"https:\/\/panaceum-rumia.pl\/en\/wp-json\/wp\/v2\/pages"}],"about":[{"href":"https:\/\/panaceum-rumia.pl\/en\/wp-json\/wp\/v2\/types\/page"}],"author":[{"embeddable":true,"href":"https:\/\/panaceum-rumia.pl\/en\/wp-json\/wp\/v2\/users\/5"}],"replies":[{"embeddable":true,"href":"https:\/\/panaceum-rumia.pl\/en\/wp-json\/wp\/v2\/comments?post=1846"}],"version-history":[{"count":33,"href":"https:\/\/panaceum-rumia.pl\/en\/wp-json\/wp\/v2\/pages\/1846\/revisions"}],"predecessor-version":[{"id":2295,"href":"https:\/\/panaceum-rumia.pl\/en\/wp-json\/wp\/v2\/pages\/1846\/revisions\/2295"}],"wp:attachment":[{"href":"https:\/\/panaceum-rumia.pl\/en\/wp-json\/wp\/v2\/media?parent=1846"}],"curies":[{"name":"wp","href":"https:\/\/api.w.org\/{rel}","templated":true}]}}